{"id":32,"date":"2023-07-06T18:15:42","date_gmt":"2023-07-06T15:15:42","guid":{"rendered":"https:\/\/kusadasikentkonseyi.org\/?page_id=32"},"modified":"2023-07-07T12:24:11","modified_gmt":"2023-07-07T09:24:11","slug":"hugo-wp","status":"publish","type":"page","link":"https:\/\/kusadasikentkonseyi.com\/","title":{"rendered":"SAYFA YAPIM A\u015eAMASINDA"},"content":{"rendered":"\n<p class=\"has-white-background-color has-text-color has-background has-medium-font-size\" style=\"color:#1e4585;text-transform:uppercase\">EN KISA ZAMANDA S\u0130ZLERE H\u0130ZMET \u0130\u00c7\u0130N BURADA OLACA\u011eIZ<\/p>\n","protected":false},"excerpt":{"rendered":"<p>EN KISA ZAMANDA S\u0130ZLERE H\u0130ZMET \u0130\u00c7\u0130N BURADA OLACA\u011eIZ<\/p>\n","protected":false},"author":1,"featured_media":108,"parent":0,"menu_order":0,"comment_status":"closed","ping_status":"closed","template":"page-templates\/landing-page.php","meta":{"_themeisle_gutenberg_block_has_review":false,"footnotes":""},"class_list":["post-32","page","type-page","status-publish","has-post-thumbnail","hentry"],"_links":{"self":[{"href":"https:\/\/kusadasikentkonseyi.com\/index.php?rest_route=\/wp\/v2\/pages\/32","targetHints":{"allow":["GET"]}}],"collection":[{"href":"https:\/\/kusadasikentkonseyi.com\/index.php?rest_route=\/wp\/v2\/pages"}],"about":[{"href":"https:\/\/kusadasikentkonseyi.com\/index.php?rest_route=\/wp\/v2\/types\/page"}],"author":[{"embeddable":true,"href":"https:\/\/kusadasikentkonseyi.com\/index.php?rest_route=\/wp\/v2\/users\/1"}],"replies":[{"embeddable":true,"href":"https:\/\/kusadasikentkonseyi.com\/index.php?rest_route=%2Fwp%2Fv2%2Fcomments&post=32"}],"version-history":[{"count":1,"href":"https:\/\/kusadasikentkonseyi.com\/index.php?rest_route=\/wp\/v2\/pages\/32\/revisions"}],"predecessor-version":[{"id":118,"href":"https:\/\/kusadasikentkonseyi.com\/index.php?rest_route=\/wp\/v2\/pages\/32\/revisions\/118"}],"wp:featuredmedia":[{"embeddable":true,"href":"https:\/\/kusadasikentkonseyi.com\/index.php?rest_route=\/wp\/v2\/media\/108"}],"wp:attachment":[{"href":"https:\/\/kusadasikentkonseyi.com\/index.php?rest_route=%2Fwp%2Fv2%2Fmedia&parent=32"}],"curies":[{"name":"wp","href":"https:\/\/api.w.org\/{rel}","templated":true}]}}